{"id":1289,"date":"2023-08-15T12:39:47","date_gmt":"2023-08-15T10:39:47","guid":{"rendered":"https:\/\/codelive.ee\/products\/"},"modified":"2023-08-28T09:46:43","modified_gmt":"2023-08-28T07:46:43","slug":"tooted","status":"publish","type":"page","link":"https:\/\/codelive.ee\/et\/tooted\/","title":{"rendered":"Tooted"},"content":{"rendered":"<p>Arendust\u00f6\u00f6 on k\u00e4inud k\u00e4sik\u00e4es laenuandjatega \u00fcle maailma. Suur t\u00f6\u00f6- ja \u00e4riefektiivsus on saavutatud l\u00e4bi protsesside parendamise tarkvaralahenduse j\u00f5udluse.<\/p>\n","protected":false},"excerpt":{"rendered":"Arendust\u00f6\u00f6 on k\u00e4inud k\u00e4sik\u00e4es laenuandjatega \u00fcle maailma. Suur t\u00f6\u00f6- ja \u00e4riefektiivsus on saavutatud l\u00e4bi protsesside parendamise tarkvaralahenduse j\u00f5udluse.","protected":false},"author":6,"featured_media":0,"parent":0,"menu_order":0,"comment_status":"closed","ping_status":"closed","template":"template-services.php","meta":{"footnotes":""},"class_list":["post-1289","page","type-page","status-publish","hentry"],"acf":[],"yoast_head":"<!-- This site is optimized with the Yoast SEO plugin v24.6 - https:\/\/yoast.com\/wordpress\/plugins\/seo\/ -->\n<title>Tooted - Codelive<\/title>\n<meta name=\"robots\" content=\"index, follow, max-snippet:-1, max-image-preview:large, max-video-preview:-1\" \/>\n<link rel=\"canonical\" href=\"https:\/\/codelive.ee\/et\/tooted\/\" \/>\n<meta property=\"og:locale\" content=\"en_GB\" \/>\n<meta property=\"og:type\" content=\"article\" \/>\n<meta property=\"og:title\" content=\"Tooted - Codelive\" \/>\n<meta property=\"og:description\" content=\"Arendust\u00f6\u00f6 on k\u00e4inud k\u00e4sik\u00e4es laenuandjatega \u00fcle maailma. Suur t\u00f6\u00f6- ja \u00e4riefektiivsus on saavutatud l\u00e4bi protsesside parendamise tarkvaralahenduse j\u00f5udluse.\" \/>\n<meta property=\"og:url\" content=\"https:\/\/codelive.ee\/et\/tooted\/\" \/>\n<meta property=\"og:site_name\" content=\"Codelive\" \/>\n<meta property=\"article:modified_time\" content=\"2023-08-28T07:46:43+00:00\" \/>\n<meta property=\"og:image\" content=\"https:\/\/codelive.ee\/wp-content\/uploads\/2022\/08\/FB_cover_image_2.jpg\" \/>\n\t<meta property=\"og:image:width\" content=\"1200\" \/>\n\t<meta property=\"og:image:height\" content=\"630\" \/>\n\t<meta property=\"og:image:type\" content=\"image\/jpeg\" \/>\n<meta name=\"twitter:card\" content=\"summary_large_image\" \/>\n<!-- \/ Yoast SEO plugin. -->","yoast_head_json":{"title":"Tooted - Codelive","robots":{"index":"index","follow":"follow","max-snippet":"max-snippet:-1","max-image-preview":"max-image-preview:large","max-video-preview":"max-video-preview:-1"},"canonical":"https:\/\/codelive.ee\/et\/tooted\/","og_locale":"en_GB","og_type":"article","og_title":"Tooted - Codelive","og_description":"Arendust\u00f6\u00f6 on k\u00e4inud k\u00e4sik\u00e4es laenuandjatega \u00fcle maailma. Suur t\u00f6\u00f6- ja \u00e4riefektiivsus on saavutatud l\u00e4bi protsesside parendamise tarkvaralahenduse j\u00f5udluse.","og_url":"https:\/\/codelive.ee\/et\/tooted\/","og_site_name":"Codelive","article_modified_time":"2023-08-28T07:46:43+00:00","og_image":[{"width":1200,"height":630,"url":"https:\/\/codelive.ee\/wp-content\/uploads\/2022\/08\/FB_cover_image_2.jpg","type":"image\/jpeg"}],"twitter_card":"summary_large_image","schema":{"@context":"https:\/\/schema.org","@graph":[{"@type":"WebPage","@id":"https:\/\/codelive.ee\/et\/tooted\/","url":"https:\/\/codelive.ee\/et\/tooted\/","name":"Tooted - Codelive","isPartOf":{"@id":"https:\/\/codelive.ee\/et\/#website"},"datePublished":"2023-08-15T10:39:47+00:00","dateModified":"2023-08-28T07:46:43+00:00","breadcrumb":{"@id":"https:\/\/codelive.ee\/et\/tooted\/#breadcrumb"},"inLanguage":"et","potentialAction":[{"@type":"ReadAction","target":["https:\/\/codelive.ee\/et\/tooted\/"]}]},{"@type":"BreadcrumbList","@id":"https:\/\/codelive.ee\/et\/tooted\/#breadcrumb","itemListElement":[{"@type":"ListItem","position":1,"name":"Home","item":"https:\/\/codelive.ee\/et\/"},{"@type":"ListItem","position":2,"name":"Tooted"}]},{"@type":"WebSite","@id":"https:\/\/codelive.ee\/et\/#website","url":"https:\/\/codelive.ee\/et\/","name":"Codelive","description":"Transparent to the core","potentialAction":[{"@type":"SearchAction","target":{"@type":"EntryPoint","urlTemplate":"https:\/\/codelive.ee\/et\/?s={search_term_string}"},"query-input":{"@type":"PropertyValueSpecification","valueRequired":true,"valueName":"search_term_string"}}],"inLanguage":"et"}]}},"_links":{"self":[{"href":"https:\/\/codelive.ee\/et\/wp-json\/wp\/v2\/pages\/1289","targetHints":{"allow":["GET"]}}],"collection":[{"href":"https:\/\/codelive.ee\/et\/wp-json\/wp\/v2\/pages"}],"about":[{"href":"https:\/\/codelive.ee\/et\/wp-json\/wp\/v2\/types\/page"}],"author":[{"embeddable":true,"href":"https:\/\/codelive.ee\/et\/wp-json\/wp\/v2\/users\/6"}],"replies":[{"embeddable":true,"href":"https:\/\/codelive.ee\/et\/wp-json\/wp\/v2\/comments?post=1289"}],"version-history":[{"count":4,"href":"https:\/\/codelive.ee\/et\/wp-json\/wp\/v2\/pages\/1289\/revisions"}],"predecessor-version":[{"id":1496,"href":"https:\/\/codelive.ee\/et\/wp-json\/wp\/v2\/pages\/1289\/revisions\/1496"}],"wp:attachment":[{"href":"https:\/\/codelive.ee\/et\/wp-json\/wp\/v2\/media?parent=1289"}],"curies":[{"name":"wp","href":"https:\/\/api.w.org\/{rel}","templated":true}]}}